{"id":3046,"date":"2019-10-21T07:26:07","date_gmt":"2019-10-21T07:26:07","guid":{"rendered":"https:\/\/elessi.nasatheme.com\/?page_id=3046"},"modified":"2019-10-21T07:26:07","modified_gmt":"2019-10-21T07:26:07","slug":"contact-us-type-2","status":"publish","type":"page","link":"https:\/\/www.novacstore.com\/fr\/contact-us-type-2\/","title":{"rendered":"Nous contacter Type 2"},"content":{"rendered":"<div  class=\"section-element margin-bottom-50\"><div class=\"nasa-row fullwidth clearfix\"><div class=\"large-12 nasa-col columns\"><div class=\"wpb_gmaps_widget wpb_content_element\"><div class=\"wpb_wrapper\"><div class=\"wpb_map_wraper\"><iframe src=\"https:\/\/www.google.com\/maps\/embed?pb=!1m18!1m12!1m3!1d6304.829986131271!2d-122.4746968033092!3d37.80374752160443!2m3!1f0!2f0!3f0!3m2!1i1024!2i768!4f13.1!3m3!1m2!1s0x808586e6302615a1%3A0x86bd130251757c00!2sStorey+Ave%2C+San+Francisco%2C+CA+94129!5e0!3m2!1sen!2sus!4v1435826432051\" width=\"600\" height=\"450\" frameborder=\"0\" style=\"border:0\" allowfullscreen><\/iframe><\/div><\/div><\/div><\/div><\/div><\/div><div  class=\"section-element\"><div class=\"row\"><div class=\"large-8 padding-right-30 padding-side-mobile-0 nasa-col columns\"><div class=\"nasa-title clearfix hr-type-none\"><h3 class=\"nasa-heading-title\"><span class=\"nasa-title-wrap\"><span style=\"background: #ffffff;\">Laisser un message<\/span><\/span><\/h3><\/div><div class=\"wpb_text_column wpb_content_element\" ><p>Si vous avez des questions, n'h\u00e9sitez pas \u00e0 nous contacter.<br \/>\nNous vous r\u00e9pondrons dans les plus brefs d\u00e9lais. Nous vous remercions de votre attention.<\/p>\n<\/div><div class=\"row row-inner row-fluid margin-top-50 mobile-margin-top-30\"><div class=\"large-12 nasa-col columns\">[contact-form-7 id=\"3048\u2033]<\/div><\/div><\/div><div class=\"large-4 mobile-margin-top-30 nasa-col columns\"><div class=\"nasa-title clearfix hr-type-none\"><h3 class=\"nasa-heading-title\"><span class=\"nasa-title-wrap\"><span style=\"background: #ffffff;\">Notre magasin<\/span><\/span><\/h3><\/div><div class=\"wpb_text_column wpb_content_element\" ><p>6\u00e8me Forrest Ray,<br \/>\nManhattan NYC 10001, \u00c9tats-Unis<\/p>\n<\/div><div class=\"wpb_text_column wpb_content_element\" ><h5 class=\"mobile-margin-top-30\" style=\"font-weight: 900; margin-top: 75px;\">Heures d'ouverture<\/h5>\n<table style=\"font-size: 15px; font-weight: 600;\">\n<tbody>\n<tr>\n<td>Lundi :<\/td>\n<td class=\"text-right\">DE 12 \u00c0 18 HEURES<\/td>\n<\/tr>\n<tr>\n<td>Mardi :<\/td>\n<td class=\"text-right\">DE 12 \u00c0 18 HEURES<\/td>\n<\/tr>\n<tr>\n<td>Mercredi :<\/td>\n<td class=\"text-right\">DE 12 \u00c0 18 HEURES<\/td>\n<\/tr>\n<tr>\n<td>Jeudi :<\/td>\n<td class=\"text-right\">DE 12 \u00c0 18 HEURES<\/td>\n<\/tr>\n<tr>\n<td>Vendredi :<\/td>\n<td class=\"text-right\">DE 12 \u00c0 18 HEURES<\/td>\n<\/tr>\n<tr>\n<td>Samedi :<\/td>\n<td class=\"text-right\">DE 12 \u00c0 18 HEURES<\/td>\n<\/tr>\n<tr>\n<td>Dimanche :<\/td>\n<td class=\"text-right\">Ferm\u00e9<\/td>\n<\/tr>\n<\/tbody>\n<\/table>\n<\/div><div class=\"wpb_text_column wpb_content_element  margin-top-50 mobile-margin-top-20\" ><h5 style=\"font-weight: 900;\">Porteurs<\/h5>\n<p style=\"font-size: 15px; font-weight: 600;\">Si vous \u00eates int\u00e9ress\u00e9 par les possibilit\u00e9s d'emploi chez Elessi, veuillez nous envoyer un courriel \u00e0 l'adresse suivante : contact@yourstore.com<\/p>\n<\/div><\/div><\/div><\/div><div  class=\"section-element\"><div class=\"row\"><div class=\"large-12 desktop-padding-top-40 desktop-margin-bottom-50 mobile-padding-top-10 mobile-padding-bottom-20 nasa-col columns\">\r\n<div\r\n    class=\"nasa-brands ns-items-gap nasa-slick-slider nasa-slick-nav\"\r\n    data-autoplay=\"false\"\r\n    data-loop=\"false\"\r\n    data-columns=\"6\"\r\n    data-columns-small=\"3\"\r\n    data-columns-tablet=\"4\"\r\n    data-switch-tablet=\"767\"\r\n    data-switch-desktop=\"1024\">\r\n    <\/div>\r\n<\/div><\/div><\/div>","protected":false},"excerpt":{"rendered":"Leave a messageIf you have any questions, please fell free to get in touch with us. We will reply to you as soon as possible. Thank you! [contact-form-7 id=\"3048\"]Our Store6th Forrest Ray, Manhattan NYC 10001, USA Hour Of Operation Monday: 12-6PM Tuesday: 12-6PM Wednesday: 12-6PM Thursday: 12-6PM Friday: 12-6PM Saturday: 12-6PM Sunday: Closed Carrers If [...]","protected":false},"author":1,"featured_media":0,"parent":0,"menu_order":0,"comment_status":"closed","ping_status":"closed","template":"page-visual-composer.php","meta":{"footnotes":""},"class_list":["post-3046","page","type-page","status-publish","hentry"],"aioseo_notices":[],"amp_enabled":false,"_links":{"self":[{"href":"https:\/\/www.novacstore.com\/fr\/wp-json\/wp\/v2\/pages\/3046","targetHints":{"allow":["GET"]}}],"collection":[{"href":"https:\/\/www.novacstore.com\/fr\/wp-json\/wp\/v2\/pages"}],"about":[{"href":"https:\/\/www.novacstore.com\/fr\/wp-json\/wp\/v2\/types\/page"}],"author":[{"embeddable":true,"href":"https:\/\/www.novacstore.com\/fr\/wp-json\/wp\/v2\/users\/1"}],"replies":[{"embeddable":true,"href":"https:\/\/www.novacstore.com\/fr\/wp-json\/wp\/v2\/comments?post=3046"}],"version-history":[{"count":0,"href":"https:\/\/www.novacstore.com\/fr\/wp-json\/wp\/v2\/pages\/3046\/revisions"}],"wp:attachment":[{"href":"https:\/\/www.novacstore.com\/fr\/wp-json\/wp\/v2\/media?parent=3046"}],"curies":[{"name":"wp","href":"https:\/\/api.w.org\/{rel}","templated":true}]}}