{"id":4082,"date":"2024-09-24T18:51:04","date_gmt":"2024-09-24T15:51:04","guid":{"rendered":"https:\/\/www.novacstore.com\/?post_type=product&#038;p=4082"},"modified":"2024-11-19T15:19:18","modified_gmt":"2024-11-19T12:19:18","slug":"kamagra-100mg-oral-jelly-1-week-pack","status":"publish","type":"product","link":"https:\/\/www.novacstore.com\/fr\/produit\/kamagra-100mg-oral-jelly-1-week-pack\/","title":{"rendered":"kamagra 100mg oral jelly 1 week pack"},"content":{"rendered":null,"protected":false},"excerpt":{"rendered":"<p>Kamagra-FX 100mg Oral Jelly Cola est un m\u00e9dicament d\u00e9livr\u00e9 sur ordonnance utilis\u00e9 pour traiter la dysfonction \u00e9rectile (impuissance) chez les hommes. Il agit en augmentant le flux sanguin vers le p\u00e9nis. Cela aide les hommes \u00e0 obtenir ou \u00e0 maintenir une \u00e9rection. Il appartient \u00e0 un groupe de m\u00e9dicaments connus sous le nom d'inhibiteurs de la phosphodiest\u00e9rase de type 5 (PDE 5).<\/p>","protected":false},"featured_media":4083,"template":"","meta":[],"product_brand":[],"product_cat":[216],"product_tag":[],"class_list":{"0":"post-4082","1":"product","2":"type-product","3":"status-publish","4":"has-post-thumbnail","6":"product_cat-mens_health","8":"first","9":"instock","10":"sale","11":"shipping-taxable","12":"purchasable","13":"product-type-simple"},"aioseo_notices":[],"_links":{"self":[{"href":"https:\/\/www.novacstore.com\/fr\/wp-json\/wp\/v2\/product\/4082","targetHints":{"allow":["GET"]}}],"collection":[{"href":"https:\/\/www.novacstore.com\/fr\/wp-json\/wp\/v2\/product"}],"about":[{"href":"https:\/\/www.novacstore.com\/fr\/wp-json\/wp\/v2\/types\/product"}],"wp:featuredmedia":[{"embeddable":true,"href":"https:\/\/www.novacstore.com\/fr\/wp-json\/wp\/v2\/media\/4083"}],"wp:attachment":[{"href":"https:\/\/www.novacstore.com\/fr\/wp-json\/wp\/v2\/media?parent=4082"}],"wp:term":[{"taxonomy":"product_brand","embeddable":true,"href":"https:\/\/www.novacstore.com\/fr\/wp-json\/wp\/v2\/product_brand?post=4082"},{"taxonomy":"product_cat","embeddable":true,"href":"https:\/\/www.novacstore.com\/fr\/wp-json\/wp\/v2\/product_cat?post=4082"},{"taxonomy":"product_tag","embeddable":true,"href":"https:\/\/www.novacstore.com\/fr\/wp-json\/wp\/v2\/product_tag?post=4082"}],"curies":[{"name":"wp","href":"https:\/\/api.w.org\/{rel}","templated":true}]}}