{"id":4088,"date":"2024-09-24T18:53:21","date_gmt":"2024-09-24T15:53:21","guid":{"rendered":"https:\/\/www.novacstore.com\/?post_type=product&#038;p=4088"},"modified":"2024-09-28T13:12:14","modified_gmt":"2024-09-28T10:12:14","slug":"cobra-120-mg-tablet-sildenafi-5-tablets","status":"publish","type":"product","link":"https:\/\/www.novacstore.com\/fr\/produit\/cobra-120-mg-tablet-sildenafi-5-tablets\/","title":{"rendered":"Cobra 120 Mg Tablet Sildenafi 5 comprim\u00e9s"},"content":{"rendered":null,"protected":false},"excerpt":{"rendered":"<p>Les comprim\u00e9s de Cobra 120 sont g\u00e9n\u00e9ralement petits, de forme ovale et recouverts d'une pellicule pour faciliter la d\u00e9glutition. Il est utilis\u00e9 pour\u00a0<strong>traiter <\/strong><strong>\u00e9rectile <\/strong><strong>dysfonctionnement<\/strong>\u00a0ou Dysfonctionnement sexuel chez l'homme.<\/p>\n<p>&nbsp;<\/p>\n<p>Ce m\u00e9dicament fabriqu\u00e9 par HAB Pharma contient du citrate de sild\u00e9nafil utilis\u00e9 pour\u00a0<strong>augmenter le flux sanguin dans le p\u00e9nis<\/strong>\u00a0et maintenir l'\u00e9rection pendant les rapports sexuels.<\/p>","protected":false},"featured_media":4089,"template":"","meta":[],"product_brand":[],"product_cat":[216],"product_tag":[],"class_list":{"0":"post-4088","1":"product","2":"type-product","3":"status-publish","4":"has-post-thumbnail","6":"product_cat-mens_health","8":"first","9":"instock","10":"shipping-taxable","11":"product-type-simple"},"aioseo_notices":[],"_links":{"self":[{"href":"https:\/\/www.novacstore.com\/fr\/wp-json\/wp\/v2\/product\/4088","targetHints":{"allow":["GET"]}}],"collection":[{"href":"https:\/\/www.novacstore.com\/fr\/wp-json\/wp\/v2\/product"}],"about":[{"href":"https:\/\/www.novacstore.com\/fr\/wp-json\/wp\/v2\/types\/product"}],"wp:featuredmedia":[{"embeddable":true,"href":"https:\/\/www.novacstore.com\/fr\/wp-json\/wp\/v2\/media\/4089"}],"wp:attachment":[{"href":"https:\/\/www.novacstore.com\/fr\/wp-json\/wp\/v2\/media?parent=4088"}],"wp:term":[{"taxonomy":"product_brand","embeddable":true,"href":"https:\/\/www.novacstore.com\/fr\/wp-json\/wp\/v2\/product_brand?post=4088"},{"taxonomy":"product_cat","embeddable":true,"href":"https:\/\/www.novacstore.com\/fr\/wp-json\/wp\/v2\/product_cat?post=4088"},{"taxonomy":"product_tag","embeddable":true,"href":"https:\/\/www.novacstore.com\/fr\/wp-json\/wp\/v2\/product_tag?post=4088"}],"curies":[{"name":"wp","href":"https:\/\/api.w.org\/{rel}","templated":true}]}}