{"id":4090,"date":"2024-09-24T18:54:05","date_gmt":"2024-09-24T15:54:05","guid":{"rendered":"https:\/\/www.novacstore.com\/?post_type=product&#038;p=4090"},"modified":"2024-09-29T18:11:02","modified_gmt":"2024-09-29T15:11:02","slug":"super-p-force-4-tabs-100mg-sildenafil-dapoxetine-60-mg","status":"publish","type":"product","link":"https:\/\/www.novacstore.com\/fr\/produit\/super-p-force-4-tabs-100mg-sildenafil-dapoxetine-60-mg\/","title":{"rendered":"SUPER-P FORCE 4 tabs 100mg Sildenafil dapoxetine 60 mg"},"content":{"rendered":"<div>\n<div>\n<div id=\"descp2\">\n<div class=\"pro-descN overlay-container expanded\">Super P Force Tablets est une combinaison de deux m\u00e9dicaments utilis\u00e9s dans le traitement de l'\u00e9jaculation pr\u00e9coce chez les hommes adultes. Il augmente le flux sanguin vers le p\u00e9nis pour aider les hommes \u00e0 obtenir une \u00e9rection. Ce m\u00e9dicament ne doit \u00eatre utilis\u00e9 que sur prescription m\u00e9dicale.<\/div>\n<\/div>\n<\/div>\n<\/div>\n<div class=\"fs13 pdinb vcd pcp view-c-cta\"><\/div>","protected":false},"excerpt":{"rendered":"<p>Super P Force Tablets est une combinaison de deux m\u00e9dicaments utilis\u00e9s dans le traitement de l'\u00e9jaculation pr\u00e9coce chez les hommes adultes. Il augmente le flux sanguin vers le p\u00e9nis pour aider les hommes \u00e0 obtenir une \u00e9rection. Ce m\u00e9dicament ne doit \u00eatre utilis\u00e9 que sur prescription m\u00e9dicale.<\/p>","protected":false},"featured_media":4091,"template":"","meta":[],"product_brand":[],"product_cat":[216],"product_tag":[],"class_list":{"0":"post-4090","1":"product","2":"type-product","3":"status-publish","4":"has-post-thumbnail","6":"product_cat-mens_health","8":"first","9":"instock","10":"shipping-taxable","11":"product-type-simple"},"aioseo_notices":[],"_links":{"self":[{"href":"https:\/\/www.novacstore.com\/fr\/wp-json\/wp\/v2\/product\/4090","targetHints":{"allow":["GET"]}}],"collection":[{"href":"https:\/\/www.novacstore.com\/fr\/wp-json\/wp\/v2\/product"}],"about":[{"href":"https:\/\/www.novacstore.com\/fr\/wp-json\/wp\/v2\/types\/product"}],"wp:featuredmedia":[{"embeddable":true,"href":"https:\/\/www.novacstore.com\/fr\/wp-json\/wp\/v2\/media\/4091"}],"wp:attachment":[{"href":"https:\/\/www.novacstore.com\/fr\/wp-json\/wp\/v2\/media?parent=4090"}],"wp:term":[{"taxonomy":"product_brand","embeddable":true,"href":"https:\/\/www.novacstore.com\/fr\/wp-json\/wp\/v2\/product_brand?post=4090"},{"taxonomy":"product_cat","embeddable":true,"href":"https:\/\/www.novacstore.com\/fr\/wp-json\/wp\/v2\/product_cat?post=4090"},{"taxonomy":"product_tag","embeddable":true,"href":"https:\/\/www.novacstore.com\/fr\/wp-json\/wp\/v2\/product_tag?post=4090"}],"curies":[{"name":"wp","href":"https:\/\/api.w.org\/{rel}","templated":true}]}}