{"id":4092,"date":"2024-09-24T18:54:45","date_gmt":"2024-09-24T15:54:45","guid":{"rendered":"https:\/\/www.novacstore.com\/?post_type=product&#038;p=4092"},"modified":"2024-09-28T13:13:21","modified_gmt":"2024-09-28T10:13:21","slug":"extra-super-p-force-4-tabs-100mg-sildenafil-100mg-dapoxetine","status":"publish","type":"product","link":"https:\/\/www.novacstore.com\/fr\/produit\/extra-super-p-force-4-tabs-100mg-sildenafil-100mg-dapoxetine\/","title":{"rendered":"Extra SUPER-P FORCE 4 tabs 100mg Sildenafil 100mg Dapoxetine"},"content":{"rendered":null,"protected":false},"excerpt":{"rendered":"<p>Les comprim\u00e9s Super P Force sont une solution pharmaceutique con\u00e7ue pour traiter deux probl\u00e8mes de sant\u00e9 sexuelle courants chez les hommes : la dysfonction \u00e9rectile (DE) et l'\u00e9jaculation pr\u00e9coce (EP). Ce m\u00e9dicament combine deux ingr\u00e9dients actifs pour fournir une approche compl\u00e8te de la performance sexuelle. Description : Les comprim\u00e9s Super P Force contiennent deux composants actifs, le sild\u00e9nafil et la dapox\u00e9tine. Le sild\u00e9nafil est connu pour son efficacit\u00e9 dans le traitement de la dysfonction \u00e9rectile en augmentant le flux sanguin vers le p\u00e9nis, tandis que la dapox\u00e9tine est reconnue pour son r\u00f4le dans la gestion de l'\u00e9jaculation pr\u00e9coce en am\u00e9liorant le contr\u00f4le de l'\u00e9jaculation.<\/p>","protected":false},"featured_media":4093,"template":"","meta":[],"product_brand":[],"product_cat":[216],"product_tag":[],"class_list":{"0":"post-4092","1":"product","2":"type-product","3":"status-publish","4":"has-post-thumbnail","6":"product_cat-mens_health","8":"first","9":"instock","10":"shipping-taxable","11":"product-type-simple"},"aioseo_notices":[],"_links":{"self":[{"href":"https:\/\/www.novacstore.com\/fr\/wp-json\/wp\/v2\/product\/4092","targetHints":{"allow":["GET"]}}],"collection":[{"href":"https:\/\/www.novacstore.com\/fr\/wp-json\/wp\/v2\/product"}],"about":[{"href":"https:\/\/www.novacstore.com\/fr\/wp-json\/wp\/v2\/types\/product"}],"wp:featuredmedia":[{"embeddable":true,"href":"https:\/\/www.novacstore.com\/fr\/wp-json\/wp\/v2\/media\/4093"}],"wp:attachment":[{"href":"https:\/\/www.novacstore.com\/fr\/wp-json\/wp\/v2\/media?parent=4092"}],"wp:term":[{"taxonomy":"product_brand","embeddable":true,"href":"https:\/\/www.novacstore.com\/fr\/wp-json\/wp\/v2\/product_brand?post=4092"},{"taxonomy":"product_cat","embeddable":true,"href":"https:\/\/www.novacstore.com\/fr\/wp-json\/wp\/v2\/product_cat?post=4092"},{"taxonomy":"product_tag","embeddable":true,"href":"https:\/\/www.novacstore.com\/fr\/wp-json\/wp\/v2\/product_tag?post=4092"}],"curies":[{"name":"wp","href":"https:\/\/api.w.org\/{rel}","templated":true}]}}