{"id":4094,"date":"2024-09-24T18:55:21","date_gmt":"2024-09-24T15:55:21","guid":{"rendered":"https:\/\/www.novacstore.com\/?post_type=product&#038;p=4094"},"modified":"2024-09-28T13:06:53","modified_gmt":"2024-09-28T10:06:53","slug":"cenforce-100mg-sildenafil-10-tablets","status":"publish","type":"product","link":"https:\/\/www.novacstore.com\/fr\/produit\/cenforce-100mg-sildenafil-10-tablets\/","title":{"rendered":"Cenforce 100mg Sildenafil 10 comprim\u00e9s"},"content":{"rendered":null,"protected":false},"excerpt":{"rendered":"<p><b>Cenforce 100mg Sildenafil Comprim\u00e9<\/b>\u00a0est un m\u00e9dicament tr\u00e8s efficace pour traiter la dysfonction \u00e9rectile. Cenforce est fabriqu\u00e9 en plusieurs concentrations et formes par les Laboratoires Centurion. Le citrate de sild\u00e9nafil est le composant chimique pr\u00e9sent dans le Cenforce, tout comme le Viagra.<\/p>\n<div class=\"pd10\">\n<table style=\"height: 187px;\" border=\"1\" width=\"569\">\n<tbody>\n<tr>\n<td>Marque de m\u00e9dicaments<\/td>\n<td>Cenforce-100<\/td>\n<\/tr>\n<tr>\n<td>Formulaire de m\u00e9decine<\/td>\n<td>Tablettes<\/td>\n<\/tr>\n<tr>\n<td>Nom du m\u00e9dicament<\/td>\n<td>Comprim\u00e9s de citrate de sild\u00e9nafil<\/td>\n<\/tr>\n<tr>\n<td>Taille de l'emballage<\/td>\n<td>10 x 10 comprim\u00e9s<\/td>\n<\/tr>\n<tr>\n<td>Type d'emballage<\/td>\n<td>Bo\u00eete<\/td>\n<\/tr>\n<tr>\n<td>Composition du sel<\/td>\n<td>Sildenafil Cit<\/td>\n<\/tr>\n<\/tbody>\n<\/table>\n<\/div>","protected":false},"featured_media":4095,"template":"","meta":[],"product_brand":[],"product_cat":[216],"product_tag":[],"class_list":{"0":"post-4094","1":"product","2":"type-product","3":"status-publish","4":"has-post-thumbnail","6":"product_cat-mens_health","8":"first","9":"outofstock","10":"shipping-taxable","11":"product-type-simple"},"aioseo_notices":[],"_links":{"self":[{"href":"https:\/\/www.novacstore.com\/fr\/wp-json\/wp\/v2\/product\/4094","targetHints":{"allow":["GET"]}}],"collection":[{"href":"https:\/\/www.novacstore.com\/fr\/wp-json\/wp\/v2\/product"}],"about":[{"href":"https:\/\/www.novacstore.com\/fr\/wp-json\/wp\/v2\/types\/product"}],"wp:featuredmedia":[{"embeddable":true,"href":"https:\/\/www.novacstore.com\/fr\/wp-json\/wp\/v2\/media\/4095"}],"wp:attachment":[{"href":"https:\/\/www.novacstore.com\/fr\/wp-json\/wp\/v2\/media?parent=4094"}],"wp:term":[{"taxonomy":"product_brand","embeddable":true,"href":"https:\/\/www.novacstore.com\/fr\/wp-json\/wp\/v2\/product_brand?post=4094"},{"taxonomy":"product_cat","embeddable":true,"href":"https:\/\/www.novacstore.com\/fr\/wp-json\/wp\/v2\/product_cat?post=4094"},{"taxonomy":"product_tag","embeddable":true,"href":"https:\/\/www.novacstore.com\/fr\/wp-json\/wp\/v2\/product_tag?post=4094"}],"curies":[{"name":"wp","href":"https:\/\/api.w.org\/{rel}","templated":true}]}}