{"id":4103,"date":"2024-09-24T18:58:33","date_gmt":"2024-09-24T15:58:33","guid":{"rendered":"https:\/\/www.novacstore.com\/?post_type=product&#038;p=4103"},"modified":"2024-09-29T18:14:00","modified_gmt":"2024-09-29T15:14:00","slug":"malegra-200mg-sildenafil-10-tablets","status":"publish","type":"product","link":"https:\/\/www.novacstore.com\/fr\/produit\/malegra-200mg-sildenafil-10-tablets\/","title":{"rendered":"Malegra 200mg Sildenafil 10 comprim\u00e9s"},"content":{"rendered":null,"protected":false},"excerpt":{"rendered":"<div>\n<div>\n<div id=\"descp2\">\n<div class=\"pro-descN overlay-container expanded\">Malegra Tablet est utilis\u00e9 pour traiter la dysfonction \u00e9rectile (impuissance) chez les hommes. Il agit en augmentant le flux sanguin vers le p\u00e9nis. Cela aide les hommes \u00e0 obtenir ou \u00e0 maintenir une \u00e9rection. Il appartient \u00e0 un groupe de m\u00e9dicaments connus sous le nom d'inhibiteurs de la phosphodiest\u00e9rase de type 5 (PDE 5).<\/div>\n<\/div>\n<\/div>\n<\/div>\n<div class=\"fs13 pdinb vcd pcp view-c-cta\"><\/div>","protected":false},"featured_media":4104,"template":"","meta":[],"product_brand":[],"product_cat":[216],"product_tag":[],"class_list":{"0":"post-4103","1":"product","2":"type-product","3":"status-publish","4":"has-post-thumbnail","6":"product_cat-mens_health","8":"first","9":"instock","10":"shipping-taxable","11":"product-type-simple"},"aioseo_notices":[],"_links":{"self":[{"href":"https:\/\/www.novacstore.com\/fr\/wp-json\/wp\/v2\/product\/4103","targetHints":{"allow":["GET"]}}],"collection":[{"href":"https:\/\/www.novacstore.com\/fr\/wp-json\/wp\/v2\/product"}],"about":[{"href":"https:\/\/www.novacstore.com\/fr\/wp-json\/wp\/v2\/types\/product"}],"wp:featuredmedia":[{"embeddable":true,"href":"https:\/\/www.novacstore.com\/fr\/wp-json\/wp\/v2\/media\/4104"}],"wp:attachment":[{"href":"https:\/\/www.novacstore.com\/fr\/wp-json\/wp\/v2\/media?parent=4103"}],"wp:term":[{"taxonomy":"product_brand","embeddable":true,"href":"https:\/\/www.novacstore.com\/fr\/wp-json\/wp\/v2\/product_brand?post=4103"},{"taxonomy":"product_cat","embeddable":true,"href":"https:\/\/www.novacstore.com\/fr\/wp-json\/wp\/v2\/product_cat?post=4103"},{"taxonomy":"product_tag","embeddable":true,"href":"https:\/\/www.novacstore.com\/fr\/wp-json\/wp\/v2\/product_tag?post=4103"}],"curies":[{"name":"wp","href":"https:\/\/api.w.org\/{rel}","templated":true}]}}